{"id":128,"date":"2015-01-11T12:41:17","date_gmt":"2015-01-11T11:41:17","guid":{"rendered":"http:\/\/www.spotlight-models.de\/WP\/?page_id=128"},"modified":"2023-05-23T16:18:26","modified_gmt":"2023-05-23T15:18:26","slug":"impressum","status":"publish","type":"page","link":"https:\/\/www.spotlight-models.de\/WP\/?page_id=128","title":{"rendered":"Impressum \/ AGB"},"content":{"rendered":"<p><span style=\"color: #999999;\">Anbieterkennzeichnung gem\u00e4\u00df Telemediengesetz. Verantwortlich f\u00fcr den Inhalt:<\/span><\/p>\n<p><span style=\"color: #999999;\">Firma:<\/span><br \/>\n<span style=\"color: #999999;\"> Spotlight Models\/Fotografie<\/span><\/p>\n<p><span style=\"color: #999999;\">Inhaber:<\/span><br \/>\n<span style=\"color: #999999;\"> Frank Solf<\/span><br \/>\n<span style=\"color: #999999;\"> Schellengasse 1<\/span><br \/>\n<span style=\"color: #999999;\"> 36304 Alsfeld<\/span><\/p>\n<p><span style=\"color: #999999;\">Tel.: 06631-5281<\/span><br \/>\n<span style=\"color: #999999;\"> Mobil: 0175-8707910<\/span><\/p>\n<p><span style=\"color: #999999;\">Web: www.spotlight-models.de\u00a0 sowie\u00a0 www.spotlight-fotografie.de<br \/>\n<\/span><\/p>\n<p><span style=\"color: #999999;\">E-Mail: Frank.Solf@spotlight-models.de<\/span><\/p>\n<p><span style=\"color: #999999;\">Die Bilder, Texte und\/oder graphischen Gestaltungen auf der Website sind urheberrechtlich gesch\u00fctzt.<\/span><\/p>\n<p><span style=\"color: #999999;\">Das Urheberrecht f\u00fcr alle Objekte liegt allein bei Frank Solf. Kein Teil dieser Website, das gilt insbesondere f\u00fcr die Fotografien, darf ohne schriftliche Genehmigung von Frank Solf in anderen elektronischen oder gedruckten Publikationen vervielf\u00e4ltigt oder verwendet werden.<\/span><\/p>\n<h1><span style=\"color: #ffffff;\"><strong>Allgemeine Gesch\u00e4ftsbedingungen<\/strong><\/span><\/h1>\n<h2><span style=\"color: #ffffff;\">\u00a0<\/span><\/h2>\n<h2><span style=\"color: #999999;\"><strong>I. Allgemeines<\/strong><\/span><\/h2>\n<ul>\n<li><span style=\"color: #999999;\"> Die nachfolgenden allgemeinen Liefer- und Gesch\u00e4ftsbedingungen (im folgenden AGB genannt) gelten f\u00fcr alle von Frank Solf (im folgenden Fotograf genannt) durchgef\u00fchrten Auftr\u00e4ge, Angebote, Lieferungen und Leistungen.<\/span><\/li>\n<li><span style=\"color: #999999;\">Die AGB gelten als vereinbart nach Erhalt und Annahme der Auftragserteilung<\/span><\/li>\n<\/ul>\n<h2><span style=\"color: #999999;\"><strong>II. Produktionsauftr\u00e4ge<\/strong><\/span><\/h2>\n<ul>\n<li><span style=\"color: #999999;\"> Der Fotograf wird den erteilten Auftrag sorgf\u00e4ltig ausf\u00fchren. Er kann den Auftrag zum Teil \u2013 durch Dritte (z.B. Labore) ausf\u00fchren lassen. Sofern der Auftraggeber keine schriftlichen Anweisungen trifft, ist der Fotograf hinsichtlich der Art der Durchf\u00fchrung des Auftrags frei. Dies gilt insbesondere f\u00fcr die Bildauffassung, den Aufnahmeort und die angewendeten optischen-technischen (fotografischen) Mittel.<\/span><\/li>\n<li><span style=\"color: #999999;\"> Der Fotograf w\u00e4hlt die Bilder aus, welche er dem Auftraggeber bei Abschluss der Produktion zur Abnahme vorlegt.<\/span><\/li>\n<li><span style=\"color: #999999;\"> M\u00e4ngelbeanstandungen m\u00fcssen schriftlich erfolgen und sp\u00e4testens innerhalb von einer Kalenderwoche nach \u00dcbergabe des Werkes an den Auftraggeber beim Fotografen eingegangen sein. Nach Ablauf dieser Frist gilt das Werk als vertragsgem\u00e4\u00df und m\u00e4ngelfrei abgenommen.<\/span><\/li>\n<\/ul>\n<h2><span style=\"color: #999999;\"><strong>III. Urheberrecht, Nutzungsrechte\/ Pers\u00f6nlichkeitsrechte<\/strong><\/span><\/h2>\n<ul>\n<li><span style=\"color: #999999;\">Dem Fotografen steht das Urheberrecht an den Lichtbildern nach Ma\u00dfgabe des Urheberrechtsgesetzes zu.<\/span><\/li>\n<li><span style=\"color: #999999;\">Der Auftraggeber erwirbt an den Bildern die Nutzungsrechte f\u00fcr den privaten Gebrauch. Die Vervielf\u00e4ltigung und die Weitergabe an Dritte werden f\u00fcr private Zwecke einger\u00e4umt. Eine kommerzielle Nutzung ist nicht gestattet. Eigentumsrechte f\u00fcr die kommerzielle Nutzung werden nicht \u00fcbertragen.Ungeachtet des Umfangs der im Einzelfall einger\u00e4umten Nutzungsrechte bleibt der Fotograf berechtigt, die Bilder im Rahmen seiner Eigenwerbung zu verwenden.<\/span><\/li>\n<li><span style=\"color: #999999;\"> F\u00fcr Auftraggeber die im Interesse der \u00d6ffentlichkeit stehen oder aus sonstigen Gr\u00fcnden die Verwendung des Fotomaterials durch den Fotografen ablehnen, m\u00fcssen Exklusivrechte und eine Sperrung des Materials gesondert vereinbart werden.<\/span><\/li>\n<\/ul>\n<h2><span style=\"color: #999999;\"><strong>IV. Haftung des Fotografen<\/strong><\/span><\/h2>\n<ul>\n<li><span style=\"color: #999999;\">Der Fotograf\u00a0haftet nur f\u00fcr vors\u00e4tzliches und grobfahrl\u00e4ssiges Verhalten. Dies gilt auch f\u00fcr die M\u00e4ngelhaftung. Die Haftungsbeschr\u00e4nkung gilt auch f\u00fcr das Verhalten von Angestellten und Hilfspersonen des Fotografen. F\u00fcr M\u00e4ngel, Sch\u00e4den oder nur teilweise ausgef\u00fchrte Arbeiten, die auf unrichtige oder ungenaue Anweisungen des Auftraggebers zur\u00fcckzuf\u00fchren sind, wird nicht gehaftet.<\/span><\/li>\n<li><span style=\"color: #999999;\">Sollte\u00a0der Fotograf durch schwere Krankheit oder Unfall ausfallen, sorgt er nach M\u00f6glichkeit\u00a0f\u00fcr Ersatz.<\/span><\/li>\n<li><span style=\"color: #999999;\">Die Organisation und Vergabe von Buchungen an den Fotografen, sowohl die Ausfu\u0308hrung erfolgt mit gr\u00f6\u00dfter Sorgfalt. Sollte jedoch auf Grund von Umst\u00e4nden, die der Fotograf nicht zu vertreten hat (z.B. pl\u00f6tzliche Krankheit, Verkehrsunfall, Umwelteinflu\u0308ssen, Verkehrsst\u00f6rungen etc.) kein Fotograf zu dem vereinbarten Fototermin erscheinen, kann keine Haftung f\u00fcr jegliche daraus resultierenden Sch\u00e4den oder Folgen \u00fcbernommen werden. Sollte es kurzfristig aufgrund h\u00f6herer Gewalt zum Ausfall des Fotografen kommen, bem\u00fcht sich dieser (soweit vom Kunden erw\u00fcnscht) um einen Ersatzfotografen, der auf eigene Rechnung seine Leistungen erbringt. Ein Anspruch darauf besteht nicht. Die geleistete Anzahlung wird dem Auftraggeber unmittelbar wieder auf sein Konto gut geschrieben. F\u00fcr Mehrkosten, die durch Buchung Dritter (Fotografen, Fotodesigner etc.) entstehen, wird nicht gehaftet.<\/span><\/li>\n<li><span style=\"color: #999999;\">Im Fall der Mangelhaftigkeit steht dem Auftraggeber nur ein Verbesserungsanspruch durch den Fotografen oder dem Labor zu. Ist eine Verbesserung unm\u00f6glich oder wird sie vom Fotografen abgelehnt, steht dem Auftraggeber ein Preisminderungsanspruch zu, vorausgesetzt, die Ursache liegt beim Fotografen. Mangelhaftigkeiten, die im Labor entstanden sind, m\u00fcssen auch im Labor geltend gemacht werden, f\u00fcr unerhebliche M\u00e4ngel wird nicht gehaftet. Farbdifferenzen bei Nachbestellungen gelten nicht als erheblicher Mangel.<\/span><\/li>\n<\/ul>\n<h2><span style=\"color: #999999;\"><strong>V. Honorare und Mitwirkungspflicht des Kunden<\/strong><\/span><\/h2>\n<ul>\n<li><span style=\"color: #999999;\">\u00a0Es gilt das vereinbarte Honorar zzgl. aller Nebenkosten. Nebenkosten sind ggf. \u00dcbernachtungs- und \u00fcber die Inklusiv-km hinausgehende Reisekosten, Geb\u00fchren, Eintritt und Auslagen.<\/span><\/li>\n<li><span style=\"color: #999999;\">Wird die f\u00fcr die Aufnahmearbeiten vorgesehene Zeit aus Gr\u00fcnden, die der Fotograf nicht zu vertreten hat, \u00fcberschritten, so erh\u00e4lt der Fotograf auch f\u00fcr die Zeit, um die sich die Aufnahmearbeiten verl\u00e4ngern, den vereinbarten Stundensatz<\/span><\/li>\n<li><span style=\"color: #999999;\">Durch die schriftliche Best\u00e4tigung (Email) der von Frank Solf (Spotlight-Fotografie) zugestellten Offerte gilt ein Auftrag bereits als gebucht und die AGB als zugestimmt. Zus\u00e4tzlich wird ein schriftlicher Vertrag geschlossen. Sollte der Auftrag nach dem Widerrufsrecht (bis 14 Tage nach Vertragsabschluss m\u00f6glich) nicht zustande kommen, sind 50% vom vereinbarten Honorar f\u00e4llig.<\/span><\/li>\n<li><span style=\"color: #999999;\">Der Kunde hat daf\u00fcr Sorge zu tragen, dass dem Fotografen\u00a0alle f\u00fcr die Ausf\u00fchrung des Auftrags erforderlichen Informationen rechtzeitig vorliegen (Wegbeschreibungen, Sonderw\u00fcnsche etc.).<\/span><\/li>\n<li><span style=\"color: #999999;\">Wird der Fotograf f\u00fcr eine Hochzeit oder sonstige Veranstaltung gebucht, wird der Kunde dem Fotografen eine Person nebst Kontaktdaten benennen, die ihm w\u00e4hrend der betreffenden Veranstaltung sowie 3 Stunden vor deren Beginn als verantwortlicher Ansprechpartner f\u00fcr R\u00fcckfragen zur Verf\u00fcgung steht. Geschieht das nicht, so ist der Unterzeichner des Vertrages der relevante Ansprechpartner.<br \/>\n<\/span><\/li>\n<li><span style=\"color: #999999;\">Bei Veranstaltungen die mehr als 5 Stunden dauern, ist der Fotograf zudem angemessen mit Speisen und Getr\u00e4nken zu versorgen.<\/span><\/li>\n<li><span style=\"color: #999999;\">Der Kunde ist daf\u00fcr verantwortlich, dass die zur Durchf\u00fchrung des Auftrags erforderlichen Personen, Gegenst\u00e4nde und Orte zur Verf\u00fcgung stehen bzw. zug\u00e4nglich sind.<\/span><\/li>\n<\/ul>\n<h2><span style=\"color: #999999;\"><strong>VI. Vertragsstrafe, Schadenersatz<\/strong><\/span><\/h2>\n<ul>\n<li><span style=\"color: #999999;\">Bei jeglicher unberechtigten (ohne Zustimmung des Fotografen erfolgten) Nutzung, Verwendung, Wiedergabe oder Weitergabe des Bildmaterials zu kommerziellen Zwecken, ist f\u00fcr jeden Einzelfall eine Vertragsstrafe in H\u00f6he des dreifachen Nutzungshonorars zu zahlen, vorbehaltlich weitergehender Schadensersatzanspr\u00fcche.<\/span><br \/>\n<span style=\"color: #999999;\">Durch die in Ziffer VI. vorgesehenen Zahlungen werden keinerlei Nutzungsrechte begr\u00fcndet.<\/span><\/li>\n<\/ul>\n<h2><span style=\"color: #999999;\"><strong>VII. Rechtswirksamkeit, Statut und Gerichtsstand<\/strong><\/span><\/h2>\n<ul>\n<li><span style=\"color: #999999;\">\u00a0Es gilt das Recht der Bundesrepublik Deutschland als vereinbart auch bei Lieferungen ins Ausland.<\/span><\/li>\n<li><span style=\"color: #999999;\">Nebenabreden zum Vertrag oder zu diesen AGB bed\u00fcrfen zu ihrer Wirksamkeit der Schriftform.<\/span><\/li>\n<li><span style=\"color: #999999;\">Die etwaige Nichtigkeit bzw. Unwirksamkeit einer oder mehrerer Bestimmungen dieser AGB ber\u00fchrt nicht die Wirksamkeit der \u00fcbrigen Bestimmungen. Die Parteien verpflichten sich, die ung\u00fcltige Bestimmung durch eine sinnentsprechende wirksame Bestimmung zu ersetzen, die der angestrebten Regelung wirtschaftlich und juristisch am n\u00e4chsten kommt.<\/span><\/li>\n<li><span style=\"color: #999999;\">F\u00fcr den Fall das der Auftraggeber keinen Gerichtsstand in der Bundesrepublik Deutschland hat oder seinen Sitz oder gew\u00f6hnlichen Aufenthalt nach Vertragsabschluss ins Ausland verlegt, wird der Wohnsitz des Fotografen als Gerichtstand vereinbart.<\/span><\/li>\n<\/ul>\n","protected":false},"excerpt":{"rendered":"<p>Anbieterkennzeichnung gem\u00e4\u00df Telemediengesetz. Verantwortlich f\u00fcr den Inhalt: Firma: Spotlight Models\/Fotografie Inhaber: Frank Solf Schellengasse 1 36304 Alsfeld Tel.: 06631-5281 Mobil: 0175-8707910 Web: www.spotlight-models.de\u00a0 sowie\u00a0 www.spotlight-fotografie.de E-Mail: Frank.Solf@spotlight-models.de Die Bilder, Texte und\/oder graphischen Gestaltungen auf der Website sind urheberrechtlich gesch\u00fctzt. Das Urheberrecht f\u00fcr alle Objekte liegt allein bei Frank Solf. Kein Teil dieser Website, das gilt [&hellip;]<\/p>\n","protected":false},"author":1,"featured_media":0,"parent":0,"menu_order":0,"comment_status":"open","ping_status":"open","template":"","meta":[],"_links":{"self":[{"href":"https:\/\/www.spotlight-models.de\/WP\/index.php?rest_route=\/wp\/v2\/pages\/128"}],"collection":[{"href":"https:\/\/www.spotlight-models.de\/WP\/index.php?rest_route=\/wp\/v2\/pages"}],"about":[{"href":"https:\/\/www.spotlight-models.de\/WP\/index.php?rest_route=\/wp\/v2\/types\/page"}],"author":[{"embeddable":true,"href":"https:\/\/www.spotlight-models.de\/WP\/index.php?rest_route=\/wp\/v2\/users\/1"}],"replies":[{"embeddable":true,"href":"https:\/\/www.spotlight-models.de\/WP\/index.php?rest_route=%2Fwp%2Fv2%2Fcomments&post=128"}],"version-history":[{"count":24,"href":"https:\/\/www.spotlight-models.de\/WP\/index.php?rest_route=\/wp\/v2\/pages\/128\/revisions"}],"predecessor-version":[{"id":288,"href":"https:\/\/www.spotlight-models.de\/WP\/index.php?rest_route=\/wp\/v2\/pages\/128\/revisions\/288"}],"wp:attachment":[{"href":"https:\/\/www.spotlight-models.de\/WP\/index.php?rest_route=%2Fwp%2Fv2%2Fmedia&parent=128"}],"curies":[{"name":"wp","href":"https:\/\/api.w.org\/{rel}","templated":true}]}}