{"id":24,"date":"2014-11-06T23:51:20","date_gmt":"2014-11-06T21:51:20","guid":{"rendered":"http:\/\/www.spotlight-models.de\/WP\/?page_id=24"},"modified":"2024-01-05T23:37:05","modified_gmt":"2024-01-05T22:37:05","slug":"dessous","status":"publish","type":"page","link":"https:\/\/www.spotlight-models.de\/WP\/?page_id=24","title":{"rendered":"\u00dcber mich"},"content":{"rendered":"<p>\u00dcber mich<\/p>\n<p><span style=\"color: #808080;\">Frank SOLF,\u00a0 Fotograf und Studioinhaber: 55 Jahre alt und arbeite seit \u00fcber 25 Jahren beruflich im Bereich der Fotografie. Urspr\u00fcnglich komme ich aus dem Bereich der Sportfotografie, ein gl\u00fccklicher Umstand verhalf mir vor ca. 22 Jahren dazu, im Bereich Werbe-, Personen- und Hochzeitsfotografie Fu\u00df zu fassen. Seit nunmehr \u00fcber 20 Jahren bin ich als Berufsfotograf in diesen Bereichen t\u00e4tig und betreibe seit dem ein eigenes Fotostudio in Alsfeld (Oberhessen). Meine Schwerpunkte liegen heute im Bereich der Hochzeitsfotografie, aber auch die Beautyfotografie und Portraitfotografie sind weiterhin gro\u00dfe Eckpfeiler meines Handwerks, die ich im Bereich der Modelfotografie f\u00fcr Agenturen und Printmedien jahrelang als Hauptbet\u00e4tigungsfeld ausge\u00fcbt habe. Neben der Studiofotografie bin ich nat\u00fcrlich auch im Bereich der Outdoorfotografie mit den Knowhow f\u00fcr viele interessante Locations buchbar.<br \/>\n<\/span><\/p>\n","protected":false},"excerpt":{"rendered":"<p>\u00dcber mich Frank SOLF,\u00a0 Fotograf und Studioinhaber: 55 Jahre alt und arbeite seit \u00fcber 25 Jahren beruflich im Bereich der Fotografie. Urspr\u00fcnglich komme ich aus dem Bereich der Sportfotografie, ein gl\u00fccklicher Umstand verhalf mir vor ca. 22 Jahren dazu, im Bereich Werbe-, Personen- und Hochzeitsfotografie Fu\u00df zu fassen. Seit nunmehr \u00fcber 20 Jahren bin ich [&hellip;]<\/p>\n","protected":false},"author":1,"featured_media":0,"parent":0,"menu_order":0,"comment_status":"open","ping_status":"open","template":"","meta":[],"_links":{"self":[{"href":"https:\/\/www.spotlight-models.de\/WP\/index.php?rest_route=\/wp\/v2\/pages\/24"}],"collection":[{"href":"https:\/\/www.spotlight-models.de\/WP\/index.php?rest_route=\/wp\/v2\/pages"}],"about":[{"href":"https:\/\/www.spotlight-models.de\/WP\/index.php?rest_route=\/wp\/v2\/types\/page"}],"author":[{"embeddable":true,"href":"https:\/\/www.spotlight-models.de\/WP\/index.php?rest_route=\/wp\/v2\/users\/1"}],"replies":[{"embeddable":true,"href":"https:\/\/www.spotlight-models.de\/WP\/index.php?rest_route=%2Fwp%2Fv2%2Fcomments&post=24"}],"version-history":[{"count":16,"href":"https:\/\/www.spotlight-models.de\/WP\/index.php?rest_route=\/wp\/v2\/pages\/24\/revisions"}],"predecessor-version":[{"id":295,"href":"https:\/\/www.spotlight-models.de\/WP\/index.php?rest_route=\/wp\/v2\/pages\/24\/revisions\/295"}],"wp:attachment":[{"href":"https:\/\/www.spotlight-models.de\/WP\/index.php?rest_route=%2Fwp%2Fv2%2Fmedia&parent=24"}],"curies":[{"name":"wp","href":"https:\/\/api.w.org\/{rel}","templated":true}]}}