{"id":33,"date":"2014-11-06T23:52:15","date_gmt":"2014-11-06T21:52:15","guid":{"rendered":"http:\/\/www.spotlight-models.de\/WP\/?page_id=33"},"modified":"2024-01-05T22:45:31","modified_gmt":"2024-01-05T21:45:31","slug":"composings","status":"publish","type":"page","link":"https:\/\/www.spotlight-models.de\/WP\/?page_id=33","title":{"rendered":"Angebote\/Preise"},"content":{"rendered":"<p><span style=\"color: #999999;\">Die Frage was Hochzeitsfotos kosten bekommen wir oft gestellt, doch eine eindeutige kurze Antwort darauf k\u00f6nnen wir nicht geben, denn auch nach\u00a0 \u00fcber 15 Jahren Hochzeitsfotografie sagen wir: &#8222;Jede Hochzeit ist in ihrer Art und ihrem Ablauf einzigartig.&#8220;\u00a0 Brautpaare haben unterschiedliche Vorstellungen wie lange sie gerne an ihrem Hochzeitstag fotografisch begleitet werden. <span style=\"color: #ff0000;\">Deshalb bieten wir Ihnen nicht nur Ganztagsbegleitungen an, sondern sind schon ab einer Dauer von 3 Stunden bis hin zur Ganztagsbegleitung f\u00fcr Sie buchbar und erarbeiten mit Ihnen zusammen ein pers\u00f6nlich auf Sie abgestimmtes Angebot ganz nach Ihren Vorstellungen.<\/span> Lassen Sie sich von uns ganz in Ruhe beraten, wir kommen auch gerne zu Ihnen nach Hause, um ein ausf\u00fchrliches, kostenloses und unverbindliches Beratungsgespr\u00e4ch mit Ihnen zu f\u00fchren, denn so k\u00f6nnen Sie sich schon einen besseren Eindruck von unseren Leistungen und unserem handwerklichen K\u00f6nnen machen. Nat\u00fcrlich k\u00f6nnen Sie auch immer gerne auf unsere Angebotspakete zur\u00fcckgreifen, die wir Ihnen gerne vorstellen.<br \/>\n<\/span><\/p>\n<p><span style=\"color: #999999;\">Ob standesamtliche Trauung, kirchliche Trauung, Brautpaarshooting (vor oder nach der Trauung oder an einem separaten Tag), Gruppenfotos, Kleingruppenfotos, G\u00e4stefotos, Sektempfang, Anschnitt der Hochzeitstorte, Detailaufnahmen sowie Partyfotos, all das geh\u00f6rt nat\u00fcrlich zu unserem Repertoire ebenso wie ein Kennlern-Shooting vor der Hochzeit.\u00a0 Wir begleiten Sie ganz nach Ihren W\u00fcnschen und sorgen daf\u00fcr, dass Ihr sch\u00f6nster Tag auch sp\u00e4ter noch durch unsere Bilder lebhaft in Erinnerung bleibt und Sie diese gl\u00fccklichen Momente immer wieder genie\u00dfen k\u00f6nnen und auch andere daran teilhaben lassen k\u00f6nnen. Denn Sie erhalten bei der Hochzeitsfotografie alle Bilder auf Ihrer pers\u00f6nlichen DVD \/USB-Stick &#8211; nat\u00fcrlich logofrei und mit den Rechten zur pers\u00f6nlichen Nutzung.<br \/>\n<\/span><\/p>\n<p><span style=\"color: #999999;\">F\u00fcr andere Leistungen k\u00f6nnen wir Ihnen hier kurze Richtwerte geben:<\/span><\/p>\n<p><span style=\"color: #999999;\">P\u00e4rchenshooting (ca. 1,5 Std.) incl. 20 Bilder auf DVD\u00a0\u00a0 ab 119,&#8211; \u20ac (Studio) oder ab 139,&#8211; \u20ac (outdoor) *<\/span><\/p>\n<p><span style=\"color: #999999;\">Beautyshootings\/Portraitshootings (ca. 1,5 Std.) incl. 20 Bilder auf DVD\u00a0 ab 99,&#8211; \u20ac *<\/span><\/p>\n<p><span style=\"color: #999999;\">Familienshootings im Studio oder on location ab 99,&#8211; \u20ac<\/span><\/p>\n<p><span style=\"color: #ff0000;\">* Sch\u00fcler und Auszubildenen gew\u00e4hren wir einen besonderen Rabatt, bitte fragen Sie danach.<\/span><\/p>\n","protected":false},"excerpt":{"rendered":"<p>Die Frage was Hochzeitsfotos kosten bekommen wir oft gestellt, doch eine eindeutige kurze Antwort darauf k\u00f6nnen wir nicht geben, denn auch nach\u00a0 \u00fcber 15 Jahren Hochzeitsfotografie sagen wir: &#8222;Jede Hochzeit ist in ihrer Art und ihrem Ablauf einzigartig.&#8220;\u00a0 Brautpaare haben unterschiedliche Vorstellungen wie lange sie gerne an ihrem Hochzeitstag fotografisch begleitet werden. Deshalb bieten wir [&hellip;]<\/p>\n","protected":false},"author":1,"featured_media":0,"parent":0,"menu_order":0,"comment_status":"open","ping_status":"closed","template":"","meta":[],"_links":{"self":[{"href":"https:\/\/www.spotlight-models.de\/WP\/index.php?rest_route=\/wp\/v2\/pages\/33"}],"collection":[{"href":"https:\/\/www.spotlight-models.de\/WP\/index.php?rest_route=\/wp\/v2\/pages"}],"about":[{"href":"https:\/\/www.spotlight-models.de\/WP\/index.php?rest_route=\/wp\/v2\/types\/page"}],"author":[{"embeddable":true,"href":"https:\/\/www.spotlight-models.de\/WP\/index.php?rest_route=\/wp\/v2\/users\/1"}],"replies":[{"embeddable":true,"href":"https:\/\/www.spotlight-models.de\/WP\/index.php?rest_route=%2Fwp%2Fv2%2Fcomments&post=33"}],"version-history":[{"count":26,"href":"https:\/\/www.spotlight-models.de\/WP\/index.php?rest_route=\/wp\/v2\/pages\/33\/revisions"}],"predecessor-version":[{"id":291,"href":"https:\/\/www.spotlight-models.de\/WP\/index.php?rest_route=\/wp\/v2\/pages\/33\/revisions\/291"}],"wp:attachment":[{"href":"https:\/\/www.spotlight-models.de\/WP\/index.php?rest_route=%2Fwp%2Fv2%2Fmedia&parent=33"}],"curies":[{"name":"wp","href":"https:\/\/api.w.org\/{rel}","templated":true}]}}